{"id":211336,"date":"2025-07-10T17:47:37","date_gmt":"2025-07-10T16:47:37","guid":{"rendered":"https:\/\/tiendapadel5.com\/?post_type=product&#038;p=211336"},"modified":"2025-09-14T16:41:57","modified_gmt":"2025-09-14T14:41:57","slug":"camiseta-endless-chill-houndstooth-black","status":"publish","type":"product","link":"https:\/\/tiendapadel5.com\/de\/camiseta-endless-chill-houndstooth-black\/","title":{"rendered":"Camiseta Endless Chill Houndstooth Black"},"content":{"rendered":"<h2>Camiseta Endless Chill Houndstooth Black<\/h2>\n<p><strong>Caracter\u00edsticas:<\/strong><\/p>\n<p><strong>Composici\u00f3n:<\/strong> Poliamida Europea 6,6<\/p>\n<p><strong>Color:<\/strong> Negro y Blanco<\/p>\n","protected":false},"excerpt":{"rendered":"<p>La Camiseta Endless Chill Houndstooth Black, dise\u00f1ada para adaptarse al cuerpo como una segunda piel, permitiendo una libertad de movimiento total durante tus partidos. En la parte inferior de la espalda, tiene un dise\u00f1o ligeramente abierto con una pieza cruzada a contraste, que no solo mejora la ventilaci\u00f3n, sino que tambi\u00e9n le da un toque de estilo exclusivo. Est\u00e1 confeccionada en poliamida europea 6.6, un material muy suave, transpirable y con protecci\u00f3n solar UPF 50 para cuidar tu piel de los rayos del sol.<\/p>\n","protected":false},"featured_media":211352,"comment_status":"open","ping_status":"closed","template":"","meta":{"_joinchat":[]},"pwb-brand":[11105],"product_brand":[],"product_cat":[5968,2203,11108,4926],"product_tag":[1899,7317,11110,11103,11111],"class_list":{"0":"post-211336","1":"product","2":"type-product","3":"status-publish","4":"has-post-thumbnail","6":"pwb-brand-endless","7":"product_cat-shirts-en","8":"product_cat-padel-clothes","9":"product_cat-ropa-de-padel-endless","10":"product_cat-womens-padel-clothing","11":"product_tag-black-en","12":"product_tag-t-shirt-en","13":"product_tag-chill","14":"product_tag-endless","15":"product_tag-houndstooth","16":"pa_talla-l-en","17":"pa_talla-m-en","18":"pa_talla-s-en","20":"first","21":"outofstock","22":"sale","23":"taxable","24":"shipping-taxable","25":"purchasable","26":"product-type-variable"},"brands":[{"id":11105,"name":"Endless","slug":"endless"}],"_links":{"self":[{"href":"https:\/\/tiendapadel5.com\/de\/wp-json\/wp\/v2\/product\/211336","targetHints":{"allow":["GET"]}}],"collection":[{"href":"https:\/\/tiendapadel5.com\/de\/wp-json\/wp\/v2\/product"}],"about":[{"href":"https:\/\/tiendapadel5.com\/de\/wp-json\/wp\/v2\/types\/product"}],"replies":[{"embeddable":true,"href":"https:\/\/tiendapadel5.com\/de\/wp-json\/wp\/v2\/comments?post=211336"}],"version-history":[{"count":0,"href":"https:\/\/tiendapadel5.com\/de\/wp-json\/wp\/v2\/product\/211336\/revisions"}],"wp:featuredmedia":[{"embeddable":true,"href":"https:\/\/tiendapadel5.com\/de\/wp-json\/wp\/v2\/media\/211352"}],"wp:attachment":[{"href":"https:\/\/tiendapadel5.com\/de\/wp-json\/wp\/v2\/media?parent=211336"}],"wp:term":[{"taxonomy":"pwb-brand","embeddable":true,"href":"https:\/\/tiendapadel5.com\/de\/wp-json\/wp\/v2\/pwb-brand?post=211336"},{"taxonomy":"product_brand","embeddable":true,"href":"https:\/\/tiendapadel5.com\/de\/wp-json\/wp\/v2\/product_brand?post=211336"},{"taxonomy":"product_cat","embeddable":true,"href":"https:\/\/tiendapadel5.com\/de\/wp-json\/wp\/v2\/product_cat?post=211336"},{"taxonomy":"product_tag","embeddable":true,"href":"https:\/\/tiendapadel5.com\/de\/wp-json\/wp\/v2\/product_tag?post=211336"}],"curies":[{"name":"wp","href":"https:\/\/api.w.org\/{rel}","templated":true}]}}