{"id":210639,"date":"2025-07-02T18:32:27","date_gmt":"2025-07-02T17:32:27","guid":{"rendered":"https:\/\/tiendapadel5.com\/?post_type=product&#038;p=210639"},"modified":"2026-05-15T09:10:46","modified_gmt":"2026-05-15T07:10:46","slug":"sudadera-wilson-teams-crewneck-classic-navy-script","status":"publish","type":"product","link":"https:\/\/tiendapadel5.com\/de\/sudadera-wilson-teams-crewneck-classic-navy-script\/","title":{"rendered":"Sudadera Wilson Teams Crewneck Classic Navy Script"},"content":{"rendered":"<h2>Sudadera Wilson Teams Crewneck Classic Navy Script<\/h2>\n<p><strong>Caracter\u00edsticas:<\/strong><\/p>\n<dl class=\"data-sheet\">\n<dt class=\"name\"><strong>COLOR: <\/strong>Azul Marino<\/dt>\n<dt class=\"name\"><strong>GENERO:<\/strong>\u00a0Hombre<\/dt>\n<dt class=\"name\"><strong>TIPO DE TEXTIL:<\/strong>\u00a0Sudadera<\/dt>\n<\/dl>\n","protected":false},"excerpt":{"rendered":"<p>La Sudadera Wilson Teams Crewneck Classic Navy Script, es ideal para protegerte del fr\u00edo a la vez que podr\u00e1s moverte de forma c\u00f3moda.<\/p>\n","protected":false},"featured_media":210647,"comment_status":"open","ping_status":"closed","template":"","meta":{"_joinchat":[]},"pwb-brand":[37],"product_brand":[],"product_cat":[21,46,453,105,5901],"product_tag":[533,10597,532,4486,517,11097,222],"class_list":{"0":"post-210639","1":"product","2":"type-product","3":"status-publish","4":"has-post-thumbnail","6":"pwb-brand-wilson","7":"product_cat-ropa-padel","8":"product_cat-hombre","9":"product_cat-ropa-wilson","10":"product_cat-sudaderas","11":"product_cat-sudaderass","12":"product_tag-classic","13":"product_tag-crewneck","14":"product_tag-navy","15":"product_tag-script","16":"product_tag-sudadera","17":"product_tag-teams","18":"product_tag-wilson","19":"pa_talla-l","20":"pa_talla-s","21":"pa_talla-xl","23":"first","24":"instock","25":"sale","26":"taxable","27":"shipping-taxable","28":"purchasable","29":"product-type-variable"},"brands":[{"id":37,"name":"Wilson","slug":"wilson"}],"_links":{"self":[{"href":"https:\/\/tiendapadel5.com\/de\/wp-json\/wp\/v2\/product\/210639","targetHints":{"allow":["GET"]}}],"collection":[{"href":"https:\/\/tiendapadel5.com\/de\/wp-json\/wp\/v2\/product"}],"about":[{"href":"https:\/\/tiendapadel5.com\/de\/wp-json\/wp\/v2\/types\/product"}],"replies":[{"embeddable":true,"href":"https:\/\/tiendapadel5.com\/de\/wp-json\/wp\/v2\/comments?post=210639"}],"version-history":[{"count":1,"href":"https:\/\/tiendapadel5.com\/de\/wp-json\/wp\/v2\/product\/210639\/revisions"}],"predecessor-version":[{"id":247108,"href":"https:\/\/tiendapadel5.com\/de\/wp-json\/wp\/v2\/product\/210639\/revisions\/247108"}],"wp:featuredmedia":[{"embeddable":true,"href":"https:\/\/tiendapadel5.com\/de\/wp-json\/wp\/v2\/media\/210647"}],"wp:attachment":[{"href":"https:\/\/tiendapadel5.com\/de\/wp-json\/wp\/v2\/media?parent=210639"}],"wp:term":[{"taxonomy":"pwb-brand","embeddable":true,"href":"https:\/\/tiendapadel5.com\/de\/wp-json\/wp\/v2\/pwb-brand?post=210639"},{"taxonomy":"product_brand","embeddable":true,"href":"https:\/\/tiendapadel5.com\/de\/wp-json\/wp\/v2\/product_brand?post=210639"},{"taxonomy":"product_cat","embeddable":true,"href":"https:\/\/tiendapadel5.com\/de\/wp-json\/wp\/v2\/product_cat?post=210639"},{"taxonomy":"product_tag","embeddable":true,"href":"https:\/\/tiendapadel5.com\/de\/wp-json\/wp\/v2\/product_tag?post=210639"}],"curies":[{"name":"wp","href":"https:\/\/api.w.org\/{rel}","templated":true}]}}