{"id":195929,"date":"2025-03-03T01:30:21","date_gmt":"2025-03-03T00:30:21","guid":{"rendered":"https:\/\/tiendapadel5.com\/nox-ml-10-pro-cup-silver-by-miguel-lamperti-2025\/"},"modified":"2026-03-15T13:29:08","modified_gmt":"2026-03-15T12:29:08","slug":"nox-ml-10-pro-cup-silver-by-miguel-lamperti-2025","status":"publish","type":"product","link":"https:\/\/tiendapadel5.com\/de\/nox-ml-10-pro-cup-silver-by-miguel-lamperti-2025\/","title":{"rendered":"Nox ML 10 Pro Cup Silver By Miguel Lamperti 2025"},"content":{"rendered":"<h2>Nox ML 10 Pro Cup Silver By Miguel Lamperti 2025<\/h2>\n<p><strong>Merkmale:<\/strong><\/p>\n<ul>\n<li><strong>Die Form: <\/strong>Rund<\/li>\n<li><strong>Dicke: <\/strong>38 mm<\/li>\n<li><strong>Gewicht: <\/strong>360-375 Gramm<\/li>\n<li><strong>Kern: <\/strong>HR3<\/li>\n<li><strong>Rahmen: <\/strong>Carbon<\/li>\n<li><strong>Oberfl\u00e4che: <\/strong>Fiberglas Silber<\/li>\n<li><strong>Kontrolle: <\/strong>95\/100<\/li>\n<li><strong>Leistung: <\/strong>85\/10<\/li>\n<\/ul>\n","protected":false},"excerpt":{"rendered":"<p>Der Nox ML 10 Pro Cup Silver By Miguel Lamperti 2025 Schl\u00e4ger wurde f\u00fcr alle Spielertypen entwickelt, die einen leichten, komfortablen, soliden, kraftvollen und langlebigen Schl\u00e4ger suchen.<\/p>\n","protected":false},"featured_media":195544,"comment_status":"open","ping_status":"closed","template":"","meta":{"_joinchat":[]},"pwb-brand":[34],"product_brand":[],"product_cat":[412,9783,19],"product_tag":[9781,1146,139,1094,220,130,176,175,177,3284],"class_list":{"0":"post-195929","1":"product","2":"type-product","3":"status-publish","4":"has-post-thumbnail","6":"pwb-brand-nox","7":"product_cat-nox","8":"product_cat-9783","9":"product_cat-palas-padel","10":"product_tag-9781","11":"product_tag-by","12":"product_tag-lamperti","13":"product_tag-miguel","14":"product_tag-ml10","15":"product_tag-nox","16":"product_tag-pro","17":"product_tag-silver","18":"product_tag-cup","19":"product_tag-von","20":"pa_forma-redonda","21":"pa_marco-fibra-de-vidrio","22":"pa_nivel-de-juego-intermedio","23":"pa_tipo-de-juego-control","25":"first","26":"outofstock","27":"sale","28":"taxable","29":"shipping-taxable","30":"purchasable","31":"product-type-simple"},"brands":[{"id":34,"name":"Nox","slug":"nox"}],"_links":{"self":[{"href":"https:\/\/tiendapadel5.com\/de\/wp-json\/wp\/v2\/product\/195929","targetHints":{"allow":["GET"]}}],"collection":[{"href":"https:\/\/tiendapadel5.com\/de\/wp-json\/wp\/v2\/product"}],"about":[{"href":"https:\/\/tiendapadel5.com\/de\/wp-json\/wp\/v2\/types\/product"}],"replies":[{"embeddable":true,"href":"https:\/\/tiendapadel5.com\/de\/wp-json\/wp\/v2\/comments?post=195929"}],"version-history":[{"count":0,"href":"https:\/\/tiendapadel5.com\/de\/wp-json\/wp\/v2\/product\/195929\/revisions"}],"wp:featuredmedia":[{"embeddable":true,"href":"https:\/\/tiendapadel5.com\/de\/wp-json\/wp\/v2\/media\/195544"}],"wp:attachment":[{"href":"https:\/\/tiendapadel5.com\/de\/wp-json\/wp\/v2\/media?parent=195929"}],"wp:term":[{"taxonomy":"pwb-brand","embeddable":true,"href":"https:\/\/tiendapadel5.com\/de\/wp-json\/wp\/v2\/pwb-brand?post=195929"},{"taxonomy":"product_brand","embeddable":true,"href":"https:\/\/tiendapadel5.com\/de\/wp-json\/wp\/v2\/product_brand?post=195929"},{"taxonomy":"product_cat","embeddable":true,"href":"https:\/\/tiendapadel5.com\/de\/wp-json\/wp\/v2\/product_cat?post=195929"},{"taxonomy":"product_tag","embeddable":true,"href":"https:\/\/tiendapadel5.com\/de\/wp-json\/wp\/v2\/product_tag?post=195929"}],"curies":[{"name":"wp","href":"https:\/\/api.w.org\/{rel}","templated":true}]}}