{"id":195807,"date":"2025-02-20T11:20:24","date_gmt":"2025-02-20T10:20:24","guid":{"rendered":"https:\/\/tiendapadel5.com\/head-coello-pro-2025\/"},"modified":"2026-05-11T19:35:39","modified_gmt":"2026-05-11T17:35:39","slug":"head-coello-pro-2025","status":"publish","type":"product","link":"https:\/\/tiendapadel5.com\/de\/head-coello-pro-2025\/","title":{"rendered":"Head Coello Pro 2025"},"content":{"rendered":"<h2>Head Coello Pro 2025<\/h2>\n<p><strong>Merkmale:<\/strong><\/p>\n<ul id=\"[object Object]\" class=\"productInformation-specsBlock-VrU productInformation-specsBlock-VrU\">\n<li>\n<div class=\"productInformation-textWrapper-Ahi productInformation-textWrapper-Ahi\"><strong>Die Form:<\/strong> Diamant<\/div>\n<\/li>\n<li>\n<div class=\"productInformation-textWrapper-Ahi productInformation-textWrapper-Ahi\"><strong>Gewicht:<\/strong> 375 g \/ 13,2 Unzen<\/div>\n<\/li>\n<li>\n<div class=\"productInformation-textWrapper-Ahi productInformation-textWrapper-Ahi\"><strong>Kopfgr\u00f6\u00dfe:<\/strong> 475 cm\u00b2 \/ 74 in\u00b2<\/div>\n<\/li>\n<li>\n<div class=\"productInformation-textWrapper-Ahi productInformation-textWrapper-Ahi\"><strong>Saldo:<\/strong> 272.0<\/div>\n<\/li>\n<li>\n<div class=\"productInformation-textWrapper-Ahi productInformation-textWrapper-Ahi\"><strong>Balken:<\/strong> 38 mm \/ 1.5 in<\/div>\n<\/li>\n<li>\n<div class=\"productInformation-textWrapper-Ahi productInformation-textWrapper-Ahi\"><strong>Schlagfl\u00e4che: <\/strong>Hybrid<\/div>\n<\/li>\n<\/ul>\n","protected":false},"excerpt":{"rendered":"<p>Der Head Coello Pro 2025ist der kraftvollste Schl\u00e4ger, ideal f\u00fcr Experten und Wettkampfspieler, die pure Power, Explosivit\u00e4t und maximale Unterst\u00fctzung bei Angriffsschl\u00e4gen suchen.<\/p>\n","protected":false},"featured_media":193359,"comment_status":"open","ping_status":"closed","template":"","meta":{"_joinchat":[]},"pwb-brand":[33],"product_brand":[],"product_cat":[411,9783,19],"product_tag":[9781,9548,160,85,176,577],"class_list":{"0":"post-195807","1":"product","2":"type-product","3":"status-publish","4":"has-post-thumbnail","6":"pwb-brand-head","7":"product_cat-head","8":"product_cat-9783","9":"product_cat-palas-padel","10":"product_tag-9781","11":"product_tag-coello","12":"product_tag-head","13":"product_tag-padel","14":"product_tag-pro","15":"product_tag-pala","17":"first","18":"instock","19":"sale","20":"taxable","21":"shipping-taxable","22":"purchasable","23":"product-type-simple"},"brands":[{"id":33,"name":"Head","slug":"head"}],"_links":{"self":[{"href":"https:\/\/tiendapadel5.com\/de\/wp-json\/wp\/v2\/product\/195807","targetHints":{"allow":["GET"]}}],"collection":[{"href":"https:\/\/tiendapadel5.com\/de\/wp-json\/wp\/v2\/product"}],"about":[{"href":"https:\/\/tiendapadel5.com\/de\/wp-json\/wp\/v2\/types\/product"}],"replies":[{"embeddable":true,"href":"https:\/\/tiendapadel5.com\/de\/wp-json\/wp\/v2\/comments?post=195807"}],"version-history":[{"count":0,"href":"https:\/\/tiendapadel5.com\/de\/wp-json\/wp\/v2\/product\/195807\/revisions"}],"wp:featuredmedia":[{"embeddable":true,"href":"https:\/\/tiendapadel5.com\/de\/wp-json\/wp\/v2\/media\/193359"}],"wp:attachment":[{"href":"https:\/\/tiendapadel5.com\/de\/wp-json\/wp\/v2\/media?parent=195807"}],"wp:term":[{"taxonomy":"pwb-brand","embeddable":true,"href":"https:\/\/tiendapadel5.com\/de\/wp-json\/wp\/v2\/pwb-brand?post=195807"},{"taxonomy":"product_brand","embeddable":true,"href":"https:\/\/tiendapadel5.com\/de\/wp-json\/wp\/v2\/product_brand?post=195807"},{"taxonomy":"product_cat","embeddable":true,"href":"https:\/\/tiendapadel5.com\/de\/wp-json\/wp\/v2\/product_cat?post=195807"},{"taxonomy":"product_tag","embeddable":true,"href":"https:\/\/tiendapadel5.com\/de\/wp-json\/wp\/v2\/product_tag?post=195807"}],"curies":[{"name":"wp","href":"https:\/\/api.w.org\/{rel}","templated":true}]}}