{"id":188883,"date":"2024-12-10T17:19:24","date_gmt":"2024-12-10T16:19:24","guid":{"rendered":"https:\/\/tiendapadel5.com\/head-geschwindigkeitsteam-2025\/"},"modified":"2024-12-10T17:19:24","modified_gmt":"2024-12-10T16:19:24","slug":"head-geschwindigkeitsteam-2025","status":"publish","type":"product","link":"https:\/\/tiendapadel5.com\/de\/head-geschwindigkeitsteam-2025\/","title":{"rendered":"Head Geschwindigkeitsteam 2025"},"content":{"rendered":"<h2>Head Geschwindigkeitsteam 2025<\/h2>\n<p><strong>Merkmale:<\/strong><\/p>\n<ul id=\"[object Object]\" class=\"productInformation-specsBlock-VrU productInformation-specsBlock-VrU\">\n<li>\n<div class=\"productInformation-textWrapper-Ahi productInformation-textWrapper-Ahi\"><strong>Die Form:<\/strong> Teardrop<\/div>\n<\/li>\n<li>\n<div class=\"productInformation-textWrapper-Ahi productInformation-textWrapper-Ahi\"><strong>Gewicht: <\/strong>365 g \/ 12,9 Unzen<\/div>\n<\/li>\n<li>\n<div class=\"productInformation-textWrapper-Ahi productInformation-textWrapper-Ahi\"><strong>Kopfgr\u00f6\u00dfe: <\/strong>465 cm\u00b2 \/ 72 in\u00b2<\/div>\n<\/li>\n<li>\n<div class=\"productInformation-textWrapper-Ahi productInformation-textWrapper-Ahi\"><strong>Saldo:<\/strong> 265.0<\/div>\n<\/li>\n<li>\n<div class=\"productInformation-textWrapper-Ahi productInformation-textWrapper-Ahi\"><strong>Balken: <\/strong>38 mm \/ 1.5 in<\/div>\n<\/li>\n<li>\n<div class=\"productInformation-textWrapper-Ahi productInformation-textWrapper-Ahi\"><strong>Schlagfl\u00e4che: <\/strong>Fiberglas<\/div>\n<\/li>\n<\/ul>\n","protected":false},"excerpt":{"rendered":"<p>Head Der Schl\u00e4ger Speed Team 2025, entwickelt f\u00fcr fortgeschrittene Spieler, die Komfort und Power in einem vielseitigen Schl\u00e4ger suchen.<\/p>\n","protected":false},"featured_media":179553,"comment_status":"open","ping_status":"closed","template":"","meta":{"_joinchat":[]},"pwb-brand":[33],"product_brand":[],"product_cat":[411,9783,19],"product_tag":[9781,3219,3142,1140,223],"class_list":{"0":"post-188883","1":"product","2":"type-product","3":"status-publish","4":"has-post-thumbnail","6":"pwb-brand-head","7":"product_cat-head","8":"product_cat-9783","9":"product_cat-palas-padel","10":"product_tag-9781","11":"product_tag-geschwindigkeit","12":"product_tag-kopf","13":"product_tag-speed","14":"product_tag-team","15":"pa_forma-lagrima","16":"pa_marco-fibra-de-carbono","17":"pa_nivel-de-juego-intermedio","18":"pa_tipo-de-juego-polivalente","20":"first","21":"outofstock","22":"sale","23":"taxable","24":"shipping-taxable","25":"purchasable","26":"product-type-simple"},"brands":[{"id":33,"name":"Head","slug":"head"}],"_links":{"self":[{"href":"https:\/\/tiendapadel5.com\/de\/wp-json\/wp\/v2\/product\/188883","targetHints":{"allow":["GET"]}}],"collection":[{"href":"https:\/\/tiendapadel5.com\/de\/wp-json\/wp\/v2\/product"}],"about":[{"href":"https:\/\/tiendapadel5.com\/de\/wp-json\/wp\/v2\/types\/product"}],"replies":[{"embeddable":true,"href":"https:\/\/tiendapadel5.com\/de\/wp-json\/wp\/v2\/comments?post=188883"}],"version-history":[{"count":0,"href":"https:\/\/tiendapadel5.com\/de\/wp-json\/wp\/v2\/product\/188883\/revisions"}],"wp:featuredmedia":[{"embeddable":true,"href":"https:\/\/tiendapadel5.com\/de\/wp-json\/wp\/v2\/media\/179553"}],"wp:attachment":[{"href":"https:\/\/tiendapadel5.com\/de\/wp-json\/wp\/v2\/media?parent=188883"}],"wp:term":[{"taxonomy":"pwb-brand","embeddable":true,"href":"https:\/\/tiendapadel5.com\/de\/wp-json\/wp\/v2\/pwb-brand?post=188883"},{"taxonomy":"product_brand","embeddable":true,"href":"https:\/\/tiendapadel5.com\/de\/wp-json\/wp\/v2\/product_brand?post=188883"},{"taxonomy":"product_cat","embeddable":true,"href":"https:\/\/tiendapadel5.com\/de\/wp-json\/wp\/v2\/product_cat?post=188883"},{"taxonomy":"product_tag","embeddable":true,"href":"https:\/\/tiendapadel5.com\/de\/wp-json\/wp\/v2\/product_tag?post=188883"}],"curies":[{"name":"wp","href":"https:\/\/api.w.org\/{rel}","templated":true}]}}