{"id":188564,"date":"2024-11-15T11:26:35","date_gmt":"2024-11-15T10:26:35","guid":{"rendered":"https:\/\/tiendapadel5.com\/starvie-titania-soft-edicion-padeloin\/"},"modified":"2024-11-15T11:26:35","modified_gmt":"2024-11-15T10:26:35","slug":"starvie-titania-soft-edicion-padeloin","status":"publish","type":"product","link":"https:\/\/tiendapadel5.com\/de\/starvie-titania-soft-edicion-padeloin\/","title":{"rendered":"Starvie Titania Soft Edici\u00f3n Padeloin"},"content":{"rendered":"<h2>Starvie Titania Soft Edici\u00f3n Padeloin<\/h2>\n<p><strong>Merkmale:<\/strong><\/p>\n<p><strong>Niveau:<\/strong> Mittelstufe<\/p>\n<p><strong>Spieltyp:<\/strong> Mehrzweckspiel<\/p>\n<p><strong>Kontrolle:<\/strong> 85% <strong>Leistung:<\/strong> 87.5% <strong>Leistung:<\/strong> 87.5% <strong>Kontrolle:<\/strong> 85<\/p>\n<p><strong>Kugelaussto\u00df:<\/strong> 100%.<\/p>\n","protected":false},"excerpt":{"rendered":"<p>Starvie Titania Soft Edici\u00f3n PadeloinDer Schl\u00e4ger ist perfekt f\u00fcr alle, die ihr Spiel weiter perfektionieren wollen, denn er bietet einen hervorragenden Balloutput und eine gute Balance zwischen Kontrolle und Power.<\/p>\n","protected":false},"featured_media":174111,"comment_status":"open","ping_status":"closed","template":"","meta":{"_joinchat":[]},"pwb-brand":[35],"product_brand":[],"product_cat":[19,413],"product_tag":[9657,10247,167,173,914],"class_list":{"0":"post-188564","1":"product","2":"type-product","3":"status-publish","4":"has-post-thumbnail","6":"pwb-brand-starvie","7":"product_cat-palas-padel","8":"product_cat-starvie","9":"product_tag-edicion","10":"product_tag-padeloin","11":"product_tag-starvie","12":"product_tag-titania","13":"product_tag-soft","14":"pa_forma-redonda","15":"pa_marco-fibra-de-carbono","16":"pa_nivel-de-juego-intermedio","17":"pa_tipo-de-juego-control","19":"first","20":"instock","21":"sale","22":"taxable","23":"shipping-taxable","24":"purchasable","25":"product-type-simple"},"brands":[{"id":35,"name":"Starvie","slug":"starvie"}],"_links":{"self":[{"href":"https:\/\/tiendapadel5.com\/de\/wp-json\/wp\/v2\/product\/188564","targetHints":{"allow":["GET"]}}],"collection":[{"href":"https:\/\/tiendapadel5.com\/de\/wp-json\/wp\/v2\/product"}],"about":[{"href":"https:\/\/tiendapadel5.com\/de\/wp-json\/wp\/v2\/types\/product"}],"replies":[{"embeddable":true,"href":"https:\/\/tiendapadel5.com\/de\/wp-json\/wp\/v2\/comments?post=188564"}],"version-history":[{"count":0,"href":"https:\/\/tiendapadel5.com\/de\/wp-json\/wp\/v2\/product\/188564\/revisions"}],"wp:featuredmedia":[{"embeddable":true,"href":"https:\/\/tiendapadel5.com\/de\/wp-json\/wp\/v2\/media\/174111"}],"wp:attachment":[{"href":"https:\/\/tiendapadel5.com\/de\/wp-json\/wp\/v2\/media?parent=188564"}],"wp:term":[{"taxonomy":"pwb-brand","embeddable":true,"href":"https:\/\/tiendapadel5.com\/de\/wp-json\/wp\/v2\/pwb-brand?post=188564"},{"taxonomy":"product_brand","embeddable":true,"href":"https:\/\/tiendapadel5.com\/de\/wp-json\/wp\/v2\/product_brand?post=188564"},{"taxonomy":"product_cat","embeddable":true,"href":"https:\/\/tiendapadel5.com\/de\/wp-json\/wp\/v2\/product_cat?post=188564"},{"taxonomy":"product_tag","embeddable":true,"href":"https:\/\/tiendapadel5.com\/de\/wp-json\/wp\/v2\/product_tag?post=188564"}],"curies":[{"name":"wp","href":"https:\/\/api.w.org\/{rel}","templated":true}]}}