{"id":179149,"date":"2024-11-19T21:09:04","date_gmt":"2024-11-19T20:09:04","guid":{"rendered":"https:\/\/tiendapadel5.com\/aca-padel-bahia-padel-schlaeger\/"},"modified":"2024-12-22T11:56:11","modified_gmt":"2024-12-22T10:56:11","slug":"aca-padel-bahia-padel-schlaeger","status":"publish","type":"product","link":"https:\/\/tiendapadel5.com\/de\/aca-padel-bahia-padel-schlaeger\/","title":{"rendered":"Pala Aca Padel Bah\u00eda"},"content":{"rendered":"<h2>Pala Aca Padel Bah\u00eda<\/h2>\n<p><strong>Merkmale:<\/strong><\/p>\n<ul>\n<li><strong>OBERMATERIAL: <\/strong>12K KOHLENSTOFF<\/li>\n<li><strong>GEWICHT: <\/strong>360 bis 375 gr<\/li>\n<li><strong>DICKE<\/strong>: 38mm<\/li>\n<li><strong>SHAPE: <\/strong>DROP<\/li>\n<li><strong>BILANZ: <\/strong>MITTEL<\/li>\n<li><strong>RAHMEN: <\/strong>KARBON<\/li>\n<li><strong>OBERFL\u00c4CHE: <\/strong>HEXA 3D<\/li>\n<li><strong>NUKLEUS: <\/strong>EVA FUSION<\/li>\n<li>MITTLERES \/ FORTGESCHRITTENES <strong>SPIELNIVEAU <\/strong><\/li>\n<li><strong>KONTROLLE: <\/strong>9.5<\/li>\n<li><strong>LEISTUNG: <\/strong>9,0<\/li>\n<li><strong>HANDHABUNG: <\/strong>9.0<\/li>\n<\/ul>\n","protected":false},"excerpt":{"rendered":"<p>Der Pala Aca Padel Bah\u00eda ist die K\u00f6nigin der Vielseitigkeit, dank seiner Tropfenform, seiner mittleren Balance und seinem gro\u00dfen Sweet Spot.<\/p>\n","protected":false},"featured_media":175005,"comment_status":"open","ping_status":"closed","template":"","meta":{"_joinchat":[]},"pwb-brand":[10226],"product_brand":[],"product_cat":[10183,5724,19],"product_tag":[155,10227,85,577],"class_list":{"0":"post-179149","1":"product","2":"type-product","3":"status-publish","4":"has-post-thumbnail","6":"pwb-brand-aca","7":"product_cat-aca","8":"product_cat-5724","9":"product_cat-palas-padel","10":"product_tag-bahia","11":"product_tag-aca","12":"product_tag-padel","13":"product_tag-pala","14":"pa_forma-lagrima","15":"pa_marco-fibra-de-carbono","16":"pa_nivel-de-juego-avanzado-profesional","17":"pa_tipo-de-juego-polivalente","19":"first","20":"instock","21":"sale","22":"taxable","23":"shipping-taxable","24":"purchasable","25":"product-type-simple"},"brands":[{"id":10226,"name":"Aca","slug":"aca"}],"_links":{"self":[{"href":"https:\/\/tiendapadel5.com\/de\/wp-json\/wp\/v2\/product\/179149","targetHints":{"allow":["GET"]}}],"collection":[{"href":"https:\/\/tiendapadel5.com\/de\/wp-json\/wp\/v2\/product"}],"about":[{"href":"https:\/\/tiendapadel5.com\/de\/wp-json\/wp\/v2\/types\/product"}],"replies":[{"embeddable":true,"href":"https:\/\/tiendapadel5.com\/de\/wp-json\/wp\/v2\/comments?post=179149"}],"version-history":[{"count":0,"href":"https:\/\/tiendapadel5.com\/de\/wp-json\/wp\/v2\/product\/179149\/revisions"}],"wp:featuredmedia":[{"embeddable":true,"href":"https:\/\/tiendapadel5.com\/de\/wp-json\/wp\/v2\/media\/175005"}],"wp:attachment":[{"href":"https:\/\/tiendapadel5.com\/de\/wp-json\/wp\/v2\/media?parent=179149"}],"wp:term":[{"taxonomy":"pwb-brand","embeddable":true,"href":"https:\/\/tiendapadel5.com\/de\/wp-json\/wp\/v2\/pwb-brand?post=179149"},{"taxonomy":"product_brand","embeddable":true,"href":"https:\/\/tiendapadel5.com\/de\/wp-json\/wp\/v2\/product_brand?post=179149"},{"taxonomy":"product_cat","embeddable":true,"href":"https:\/\/tiendapadel5.com\/de\/wp-json\/wp\/v2\/product_cat?post=179149"},{"taxonomy":"product_tag","embeddable":true,"href":"https:\/\/tiendapadel5.com\/de\/wp-json\/wp\/v2\/product_tag?post=179149"}],"curies":[{"name":"wp","href":"https:\/\/api.w.org\/{rel}","templated":true}]}}