{"id":170741,"date":"2024-09-13T20:26:35","date_gmt":"2024-09-13T19:26:35","guid":{"rendered":"https:\/\/tiendapadel5.com\/bullpadel-flow-frau-2025\/"},"modified":"2026-05-02T18:09:16","modified_gmt":"2026-05-02T16:09:16","slug":"bullpadel-flow-frau-2025","status":"publish","type":"product","link":"https:\/\/tiendapadel5.com\/de\/bullpadel-flow-frau-2025\/","title":{"rendered":"Bullpadel Flow Frau 2025"},"content":{"rendered":"<h2>Eigenschaften Bullpadel Flow Woman 2025:<\/h2>\n<p><span class=\"info\"><strong>Die Form:<\/strong> Diamant<\/span><\/p>\n<p><span class=\"info\"><strong>Level:<\/strong> Fortgeschritten<\/span><\/p>\n<p><span class=\"info\"><strong>Spiel:<\/strong> Macht<\/span><\/p>\n<p><span class=\"info\"><strong>Gewicht:<\/strong> 350-360 gr.<\/span><\/p>\n<p><span class=\"info\"><strong>Profil:<\/strong> 38 mm<\/span><\/p>\n<p><span class=\"info\"><strong>Spieler:<\/strong> Weiblich<\/span><\/p>\n<p><span class=\"info\"><strong>Jahr:<\/strong> 2025<\/span><\/p>\n<p><span class=\"info\"><strong>Kern:<\/strong> Eva<\/span><\/p>\n<p><span class=\"info\"><strong>Ber\u00fchrung:<\/strong> Weich, Halbweich<\/span><\/p>\n<p><span class=\"info\"><strong>Hauptmaterial:<\/strong> Kohlenstoff, Glasfaser<\/span><\/p>\n<p><span class=\"info\"><strong>Rauheit:<\/strong> 3d<\/span><\/p>\n","protected":false},"excerpt":{"rendered":"<p>Der neue Bullpadel Flow Woman 2025 Schl\u00e4ger von Alejandra Salazar richtet sich an Spielerinnen, die einen leichten Schl\u00e4ger mit Power suchen, der perfekt f\u00fcr ein fl\u00fcssiges und pr\u00e4zises Spiel ist.<\/p>\n","protected":false},"featured_media":162114,"comment_status":"open","ping_status":"closed","template":"","meta":{"_joinchat":[]},"pwb-brand":[31],"product_brand":[],"product_cat":[409,9783,19],"product_tag":[9781,319,323,151],"class_list":{"0":"post-170741","1":"product","2":"type-product","3":"status-publish","4":"has-post-thumbnail","6":"pwb-brand-bullpadel","7":"product_cat-bullpadel","8":"product_cat-9783","9":"product_cat-palas-padel","10":"product_tag-9781","11":"product_tag-bullpadel","12":"product_tag-flow","13":"product_tag-woman","14":"pa_forma-diamante","15":"pa_marco-fibra-de-carbono","16":"pa_nivel-de-juego-avanzado-profesional","17":"pa_tipo-de-juego-potencia","19":"first","20":"instock","21":"sale","22":"taxable","23":"shipping-taxable","24":"product-type-simple"},"brands":[{"id":31,"name":"Bullpadel","slug":"bullpadel"}],"_links":{"self":[{"href":"https:\/\/tiendapadel5.com\/de\/wp-json\/wp\/v2\/product\/170741","targetHints":{"allow":["GET"]}}],"collection":[{"href":"https:\/\/tiendapadel5.com\/de\/wp-json\/wp\/v2\/product"}],"about":[{"href":"https:\/\/tiendapadel5.com\/de\/wp-json\/wp\/v2\/types\/product"}],"replies":[{"embeddable":true,"href":"https:\/\/tiendapadel5.com\/de\/wp-json\/wp\/v2\/comments?post=170741"}],"version-history":[{"count":0,"href":"https:\/\/tiendapadel5.com\/de\/wp-json\/wp\/v2\/product\/170741\/revisions"}],"wp:featuredmedia":[{"embeddable":true,"href":"https:\/\/tiendapadel5.com\/de\/wp-json\/wp\/v2\/media\/162114"}],"wp:attachment":[{"href":"https:\/\/tiendapadel5.com\/de\/wp-json\/wp\/v2\/media?parent=170741"}],"wp:term":[{"taxonomy":"pwb-brand","embeddable":true,"href":"https:\/\/tiendapadel5.com\/de\/wp-json\/wp\/v2\/pwb-brand?post=170741"},{"taxonomy":"product_brand","embeddable":true,"href":"https:\/\/tiendapadel5.com\/de\/wp-json\/wp\/v2\/product_brand?post=170741"},{"taxonomy":"product_cat","embeddable":true,"href":"https:\/\/tiendapadel5.com\/de\/wp-json\/wp\/v2\/product_cat?post=170741"},{"taxonomy":"product_tag","embeddable":true,"href":"https:\/\/tiendapadel5.com\/de\/wp-json\/wp\/v2\/product_tag?post=170741"}],"curies":[{"name":"wp","href":"https:\/\/api.w.org\/{rel}","templated":true}]}}