{"id":170675,"date":"2024-09-11T08:12:35","date_gmt":"2024-09-11T07:12:35","guid":{"rendered":"https:\/\/tiendapadel5.com\/chef-gravity-team-2024\/"},"modified":"2024-09-11T08:12:35","modified_gmt":"2024-09-11T07:12:35","slug":"chef-gravity-team-2024","status":"publish","type":"product","link":"https:\/\/tiendapadel5.com\/de\/chef-gravity-team-2024\/","title":{"rendered":"Chef Gravity Team 2024"},"content":{"rendered":"<h2>Caract\u00e9ristiques Head Gravity Team 2024 :<\/h2>\n<ul id=\"[object Object]\" class=\"productInformation-specsBlock-VrU productInformation-specsBlock-VrU\">\n<li>\n<div class=\"productInformation-textWrapper-Ahi productInformation-textWrapper-Ahi\">Formulaire<\/div>\n<p><strong>Rond<\/strong><\/li>\n<li>\n<div class=\"productInformation-textWrapper-Ahi productInformation-textWrapper-Ahi\">Poids<\/div>\n<p><strong>360 g \/ 12.7 oz<\/strong><\/li>\n<li>\n<div class=\"productInformation-textWrapper-Ahi productInformation-textWrapper-Ahi\">Taille de la t\u00eate<\/div>\n<p><strong>498 cm\u00b2 \/ 77 in\u00b2<\/strong><\/li>\n<li>\n<div class=\"productInformation-textWrapper-Ahi productInformation-textWrapper-Ahi\">\u00c9quilibre<\/div>\n<p><strong>265.0<\/strong><\/li>\n<li>\n<div class=\"productInformation-textWrapper-Ahi productInformation-textWrapper-Ahi\">Poutre<\/div>\n<p><strong>38 mm \/ 1,5 in<\/strong><\/li>\n<li>\n<div class=\"productInformation-textWrapper-Ahi productInformation-textWrapper-Ahi\">Surface de frappe<\/div>\n<p><strong>Fibre de verre<\/strong><\/li>\n<\/ul>\n","protected":false},"excerpt":{"rendered":"<p>La raquette Head Gravity Team 2024, con\u00e7ue avec une construction plus l\u00e9g\u00e8re et une sensation de souplesse, est destin\u00e9e aux joueurs d&#8217;un niveau interm\u00e9diaire qui cherchent \u00e0 contr\u00f4ler leur jeu.<\/p>\n","protected":false},"featured_media":161626,"comment_status":"open","ping_status":"closed","template":"","meta":{"_joinchat":[]},"pwb-brand":[33],"product_brand":[],"product_cat":[5724,19,411],"product_tag":[5726,223,9780,2711],"class_list":{"0":"post-170675","1":"product","2":"type-product","3":"status-publish","4":"has-post-thumbnail","6":"pwb-brand-head","7":"product_cat-5724","8":"product_cat-palas-padel","9":"product_cat-head","10":"product_tag-5726","11":"product_tag-team","12":"product_tag-gravity","13":"product_tag-tete","14":"pa_forma-redonda","15":"pa_marco-fibra-de-vidrio","16":"pa_nivel-de-juego-intermedio","17":"pa_tipo-de-juego-control","19":"first","20":"instock","21":"sale","22":"taxable","23":"shipping-taxable","24":"purchasable","25":"product-type-simple"},"brands":[{"id":33,"name":"Head","slug":"head"}],"_links":{"self":[{"href":"https:\/\/tiendapadel5.com\/de\/wp-json\/wp\/v2\/product\/170675","targetHints":{"allow":["GET"]}}],"collection":[{"href":"https:\/\/tiendapadel5.com\/de\/wp-json\/wp\/v2\/product"}],"about":[{"href":"https:\/\/tiendapadel5.com\/de\/wp-json\/wp\/v2\/types\/product"}],"replies":[{"embeddable":true,"href":"https:\/\/tiendapadel5.com\/de\/wp-json\/wp\/v2\/comments?post=170675"}],"version-history":[{"count":0,"href":"https:\/\/tiendapadel5.com\/de\/wp-json\/wp\/v2\/product\/170675\/revisions"}],"wp:featuredmedia":[{"embeddable":true,"href":"https:\/\/tiendapadel5.com\/de\/wp-json\/wp\/v2\/media\/161626"}],"wp:attachment":[{"href":"https:\/\/tiendapadel5.com\/de\/wp-json\/wp\/v2\/media?parent=170675"}],"wp:term":[{"taxonomy":"pwb-brand","embeddable":true,"href":"https:\/\/tiendapadel5.com\/de\/wp-json\/wp\/v2\/pwb-brand?post=170675"},{"taxonomy":"product_brand","embeddable":true,"href":"https:\/\/tiendapadel5.com\/de\/wp-json\/wp\/v2\/product_brand?post=170675"},{"taxonomy":"product_cat","embeddable":true,"href":"https:\/\/tiendapadel5.com\/de\/wp-json\/wp\/v2\/product_cat?post=170675"},{"taxonomy":"product_tag","embeddable":true,"href":"https:\/\/tiendapadel5.com\/de\/wp-json\/wp\/v2\/product_tag?post=170675"}],"curies":[{"name":"wp","href":"https:\/\/api.w.org\/{rel}","templated":true}]}}