{"id":170668,"date":"2024-09-11T08:12:35","date_gmt":"2024-09-11T07:12:35","guid":{"rendered":"https:\/\/tiendapadel5.com\/leiter-schwerkraft-team-2024\/"},"modified":"2024-12-22T09:37:15","modified_gmt":"2024-12-22T08:37:15","slug":"leiter-schwerkraft-team-2024","status":"publish","type":"product","link":"https:\/\/tiendapadel5.com\/de\/leiter-schwerkraft-team-2024\/","title":{"rendered":"Head Gravity Team 2024"},"content":{"rendered":"<h2>Eigenschaften Head Gravity Team 2024:<\/h2>\n<ul id=\"[object Object]\" class=\"productInformation-specsBlock-VrU productInformation-specsBlock-VrU\">\n<li>\n<div class=\"productInformation-textWrapper-Ahi productInformation-textWrapper-Ahi\">Formular<\/div>\n<p><strong>Rund<\/strong><\/li>\n<li>\n<div class=\"productInformation-textWrapper-Ahi productInformation-textWrapper-Ahi\">Gewicht<\/div>\n<p><strong>360 g \/ 12,7 Unzen<\/strong><\/li>\n<li>\n<div class=\"productInformation-textWrapper-Ahi productInformation-textWrapper-Ahi\">Kopfgr\u00f6\u00dfe<\/div>\n<p><strong>498 cm\u00b2 \/ 77 in\u00b2<\/strong><\/li>\n<li>\n<div class=\"productInformation-textWrapper-Ahi productInformation-textWrapper-Ahi\">Bilanz<\/div>\n<p><strong>265.0<\/strong><\/li>\n<li>\n<div class=\"productInformation-textWrapper-Ahi productInformation-textWrapper-Ahi\">Balken<\/div>\n<p><strong>38 mm \/ 1,5 Zoll<\/strong><\/li>\n<li>\n<div class=\"productInformation-textWrapper-Ahi productInformation-textWrapper-Ahi\">Auff\u00e4llige Oberfl\u00e4che<\/div>\n<p><strong>Glasfaser<\/strong><\/li>\n<\/ul>\n","protected":false},"excerpt":{"rendered":"<p>Der Head Gravity Team 2024 Schl\u00e4ger, der mit einer leichteren Konstruktion und einem weichen Spielgef\u00fchl ausgestattet ist, richtet sich an fortgeschrittene Spieler, die ihr Spiel kontrollieren m\u00f6chten.<\/p>\n","protected":false},"featured_media":161627,"comment_status":"open","ping_status":"closed","template":"","meta":{"_joinchat":[]},"pwb-brand":[33],"product_brand":[],"product_cat":[411,5724,19],"product_tag":[5726,160,3142,9780,223],"class_list":{"0":"post-170668","1":"product","2":"type-product","3":"status-publish","4":"has-post-thumbnail","6":"pwb-brand-head","7":"product_cat-head","8":"product_cat-5724","9":"product_cat-palas-padel","10":"product_tag-5726","11":"product_tag-head","12":"product_tag-kopf","13":"product_tag-gravity","14":"product_tag-team","15":"pa_forma-redonda","16":"pa_marco-fibra-de-vidrio","17":"pa_nivel-de-juego-intermedio","18":"pa_tipo-de-juego-control","20":"first","21":"instock","22":"sale","23":"taxable","24":"shipping-taxable","25":"purchasable","26":"product-type-simple"},"brands":[{"id":33,"name":"Head","slug":"head"}],"_links":{"self":[{"href":"https:\/\/tiendapadel5.com\/de\/wp-json\/wp\/v2\/product\/170668","targetHints":{"allow":["GET"]}}],"collection":[{"href":"https:\/\/tiendapadel5.com\/de\/wp-json\/wp\/v2\/product"}],"about":[{"href":"https:\/\/tiendapadel5.com\/de\/wp-json\/wp\/v2\/types\/product"}],"replies":[{"embeddable":true,"href":"https:\/\/tiendapadel5.com\/de\/wp-json\/wp\/v2\/comments?post=170668"}],"version-history":[{"count":0,"href":"https:\/\/tiendapadel5.com\/de\/wp-json\/wp\/v2\/product\/170668\/revisions"}],"wp:featuredmedia":[{"embeddable":true,"href":"https:\/\/tiendapadel5.com\/de\/wp-json\/wp\/v2\/media\/161627"}],"wp:attachment":[{"href":"https:\/\/tiendapadel5.com\/de\/wp-json\/wp\/v2\/media?parent=170668"}],"wp:term":[{"taxonomy":"pwb-brand","embeddable":true,"href":"https:\/\/tiendapadel5.com\/de\/wp-json\/wp\/v2\/pwb-brand?post=170668"},{"taxonomy":"product_brand","embeddable":true,"href":"https:\/\/tiendapadel5.com\/de\/wp-json\/wp\/v2\/product_brand?post=170668"},{"taxonomy":"product_cat","embeddable":true,"href":"https:\/\/tiendapadel5.com\/de\/wp-json\/wp\/v2\/product_cat?post=170668"},{"taxonomy":"product_tag","embeddable":true,"href":"https:\/\/tiendapadel5.com\/de\/wp-json\/wp\/v2\/product_tag?post=170668"}],"curies":[{"name":"wp","href":"https:\/\/api.w.org\/{rel}","templated":true}]}}