{"id":164556,"date":"2024-09-26T17:50:15","date_gmt":"2024-09-26T16:50:15","guid":{"rendered":"https:\/\/tiendapadel5.com\/?post_type=product&#038;p=164556"},"modified":"2025-10-16T22:00:36","modified_gmt":"2025-10-16T20:00:36","slug":"munequeras-lok-tyedye-verde","status":"publish","type":"product","link":"https:\/\/tiendapadel5.com\/de\/munequeras-lok-tyedye-verde\/","title":{"rendered":"Mu\u00f1equeras Lok Tyedye Verde"},"content":{"rendered":"<h2>Caracter\u00edsticas Mu\u00f1equeras Lok Tyedye Verde:<\/h2>\n<p><strong>Color:<\/strong> Verde<\/p>\n","protected":false},"excerpt":{"rendered":"<p>Las Mu\u00f1equeras Lok Tyedye Verde, es un nuevo dise\u00f1o moderno, son ideales para sus partidos gracias a su tejido que es perfecto para secarse en sus partidos.<\/p>\n","protected":false},"featured_media":164566,"comment_status":"open","ping_status":"closed","template":"","meta":{"_joinchat":[]},"pwb-brand":[6561],"product_brand":[],"product_cat":[2367,6658,4427],"product_tag":[6581,7656,9798,7245],"class_list":{"0":"post-164556","1":"product","2":"type-product","3":"status-publish","4":"has-post-thumbnail","6":"pwb-brand-lokk","7":"product_cat-acessorios-padel","8":"product_cat-acessorios-lok","9":"product_cat-pulseiras-padel","10":"product_tag-lok-pt-pt","11":"product_tag-pulseiras","12":"product_tag-tyedye","13":"product_tag-verde-pt-pt-2","15":"first","16":"instock","17":"sale","18":"taxable","19":"shipping-taxable","20":"purchasable","21":"product-type-simple"},"brands":[{"id":6561,"name":"Lok","slug":"lokk"}],"_links":{"self":[{"href":"https:\/\/tiendapadel5.com\/de\/wp-json\/wp\/v2\/product\/164556","targetHints":{"allow":["GET"]}}],"collection":[{"href":"https:\/\/tiendapadel5.com\/de\/wp-json\/wp\/v2\/product"}],"about":[{"href":"https:\/\/tiendapadel5.com\/de\/wp-json\/wp\/v2\/types\/product"}],"replies":[{"embeddable":true,"href":"https:\/\/tiendapadel5.com\/de\/wp-json\/wp\/v2\/comments?post=164556"}],"version-history":[{"count":0,"href":"https:\/\/tiendapadel5.com\/de\/wp-json\/wp\/v2\/product\/164556\/revisions"}],"wp:featuredmedia":[{"embeddable":true,"href":"https:\/\/tiendapadel5.com\/de\/wp-json\/wp\/v2\/media\/164566"}],"wp:attachment":[{"href":"https:\/\/tiendapadel5.com\/de\/wp-json\/wp\/v2\/media?parent=164556"}],"wp:term":[{"taxonomy":"pwb-brand","embeddable":true,"href":"https:\/\/tiendapadel5.com\/de\/wp-json\/wp\/v2\/pwb-brand?post=164556"},{"taxonomy":"product_brand","embeddable":true,"href":"https:\/\/tiendapadel5.com\/de\/wp-json\/wp\/v2\/product_brand?post=164556"},{"taxonomy":"product_cat","embeddable":true,"href":"https:\/\/tiendapadel5.com\/de\/wp-json\/wp\/v2\/product_cat?post=164556"},{"taxonomy":"product_tag","embeddable":true,"href":"https:\/\/tiendapadel5.com\/de\/wp-json\/wp\/v2\/product_tag?post=164556"}],"curies":[{"name":"wp","href":"https:\/\/api.w.org\/{rel}","templated":true}]}}