{"id":164545,"date":"2024-09-26T17:45:41","date_gmt":"2024-09-26T16:45:41","guid":{"rendered":"https:\/\/tiendapadel5.com\/?post_type=product&#038;p=164545"},"modified":"2025-08-19T08:23:43","modified_gmt":"2025-08-19T07:23:43","slug":"munequeras-lok-play-negro","status":"publish","type":"product","link":"https:\/\/tiendapadel5.com\/de\/munequeras-lok-play-negro\/","title":{"rendered":"Mu\u00f1equeras Lok Play Negro"},"content":{"rendered":"<h2>Caracter\u00edsticas Mu\u00f1equeras Lok Play Negro:<\/h2>\n<p><strong>Color:<\/strong> Negro<\/p>\n","protected":false},"excerpt":{"rendered":"<p>Las Mu\u00f1equeras Lok Play Negro, son ideales para sus partidos gracias a su tejido que es perfecto para secarse en sus partidos.<\/p>\n","protected":false},"featured_media":164546,"comment_status":"open","ping_status":"closed","template":"","meta":{"_joinchat":[]},"pwb-brand":[6561],"product_brand":[],"product_cat":[23,6649,4412],"product_tag":[6573,674,669,698],"class_list":{"0":"post-164545","1":"product","2":"type-product","3":"status-publish","4":"has-post-thumbnail","6":"pwb-brand-lokk","7":"product_cat-accesorios-de-padel","8":"product_cat-accesorios-lok","9":"product_cat-munequeras","10":"product_tag-lok","11":"product_tag-munequeras","12":"product_tag-negro","13":"product_tag-play","15":"first","16":"instock","17":"sale","18":"taxable","19":"shipping-taxable","20":"purchasable","21":"product-type-simple"},"brands":[{"id":6561,"name":"Lok","slug":"lokk"}],"_links":{"self":[{"href":"https:\/\/tiendapadel5.com\/de\/wp-json\/wp\/v2\/product\/164545","targetHints":{"allow":["GET"]}}],"collection":[{"href":"https:\/\/tiendapadel5.com\/de\/wp-json\/wp\/v2\/product"}],"about":[{"href":"https:\/\/tiendapadel5.com\/de\/wp-json\/wp\/v2\/types\/product"}],"replies":[{"embeddable":true,"href":"https:\/\/tiendapadel5.com\/de\/wp-json\/wp\/v2\/comments?post=164545"}],"version-history":[{"count":0,"href":"https:\/\/tiendapadel5.com\/de\/wp-json\/wp\/v2\/product\/164545\/revisions"}],"wp:featuredmedia":[{"embeddable":true,"href":"https:\/\/tiendapadel5.com\/de\/wp-json\/wp\/v2\/media\/164546"}],"wp:attachment":[{"href":"https:\/\/tiendapadel5.com\/de\/wp-json\/wp\/v2\/media?parent=164545"}],"wp:term":[{"taxonomy":"pwb-brand","embeddable":true,"href":"https:\/\/tiendapadel5.com\/de\/wp-json\/wp\/v2\/pwb-brand?post=164545"},{"taxonomy":"product_brand","embeddable":true,"href":"https:\/\/tiendapadel5.com\/de\/wp-json\/wp\/v2\/product_brand?post=164545"},{"taxonomy":"product_cat","embeddable":true,"href":"https:\/\/tiendapadel5.com\/de\/wp-json\/wp\/v2\/product_cat?post=164545"},{"taxonomy":"product_tag","embeddable":true,"href":"https:\/\/tiendapadel5.com\/de\/wp-json\/wp\/v2\/product_tag?post=164545"}],"curies":[{"name":"wp","href":"https:\/\/api.w.org\/{rel}","templated":true}]}}