{"id":158557,"date":"2024-08-21T17:50:13","date_gmt":"2024-08-21T16:50:13","guid":{"rendered":"https:\/\/tiendapadel5.com\/?post_type=product&#038;p=158557"},"modified":"2026-03-02T16:49:17","modified_gmt":"2026-03-02T15:49:17","slug":"paletero-nox-at10-xxl","status":"publish","type":"product","link":"https:\/\/tiendapadel5.com\/de\/paletero-nox-at10-xxl\/","title":{"rendered":"Paletero Nox AT10 XXL"},"content":{"rendered":"<h2>Caracter\u00edsticas Paletero Nox AT10 XXL:<\/h2>\n<ul>\n<li>Compartimiento principal con apertura lateral con capacidad para 5 palas de p\u00e1del, ropa, etc.<\/li>\n<li>Compartimento aireado para zapatillas dentro del compartimento principal.<\/li>\n<li>Compartimento circular t\u00e9rmico (tecnolog\u00eda NOX ThermoTech) para bote de 4 pelotas o botella.<\/li>\n<li>Compartimento t\u00e9rmico (tecnolog\u00eda NOX ThermoTech) con capacidad para 3 palas de p\u00e1del, botellas, etc.<\/li>\n<li>Compartimento lateral con bolsillos distribuidos para accesorios, m\u00f3vil, cartera, llaves, etc. \/\/ &#8211; Compartimento lateral con sistema de aireado. \/\/ &#8211; Bolsa para ropa sucia (&#8222;Laundry Bag&#8220;).<\/li>\n<li>Bolsillo en la parte posterior.<\/li>\n<li>Funci\u00f3n de mochila con posibilidad de quitar las asas.<\/li>\n<li>Asa principal ergon\u00f3mica. Base r\u00edgida.<\/li>\n<\/ul>\n<p><strong>Medidas:<\/strong>\u00a0700 x 300 x 450 mm<\/p>\n<p><strong>Capacidad:<\/strong>\u00a0\u00a090 litros<\/p>\n","protected":false},"excerpt":{"rendered":"<p>El Paletero Nox AT10 XXL, dise\u00f1ado para tener una alta capacidad de almacenaje, dise\u00f1ado para el jugador de padel Agustin Tapia.<\/p>\n","protected":false},"featured_media":158618,"comment_status":"open","ping_status":"closed","template":"","meta":{"_joinchat":[]},"pwb-brand":[34],"product_brand":[],"product_cat":[1357,20],"product_tag":[946,130,11555,1093],"class_list":{"0":"post-158557","1":"product","2":"type-product","3":"status-publish","4":"has-post-thumbnail","6":"pwb-brand-nox","7":"product_cat-mochilas-nox","8":"product_cat-paleteros-de-padel","9":"product_tag-at10","10":"product_tag-nox","11":"product_tag-portapale","12":"product_tag-xxl","14":"first","15":"outofstock","16":"sale","17":"taxable","18":"shipping-taxable","19":"purchasable","20":"product-type-simple"},"brands":[{"id":34,"name":"Nox","slug":"nox"}],"_links":{"self":[{"href":"https:\/\/tiendapadel5.com\/de\/wp-json\/wp\/v2\/product\/158557","targetHints":{"allow":["GET"]}}],"collection":[{"href":"https:\/\/tiendapadel5.com\/de\/wp-json\/wp\/v2\/product"}],"about":[{"href":"https:\/\/tiendapadel5.com\/de\/wp-json\/wp\/v2\/types\/product"}],"replies":[{"embeddable":true,"href":"https:\/\/tiendapadel5.com\/de\/wp-json\/wp\/v2\/comments?post=158557"}],"version-history":[{"count":1,"href":"https:\/\/tiendapadel5.com\/de\/wp-json\/wp\/v2\/product\/158557\/revisions"}],"predecessor-version":[{"id":245252,"href":"https:\/\/tiendapadel5.com\/de\/wp-json\/wp\/v2\/product\/158557\/revisions\/245252"}],"wp:featuredmedia":[{"embeddable":true,"href":"https:\/\/tiendapadel5.com\/de\/wp-json\/wp\/v2\/media\/158618"}],"wp:attachment":[{"href":"https:\/\/tiendapadel5.com\/de\/wp-json\/wp\/v2\/media?parent=158557"}],"wp:term":[{"taxonomy":"pwb-brand","embeddable":true,"href":"https:\/\/tiendapadel5.com\/de\/wp-json\/wp\/v2\/pwb-brand?post=158557"},{"taxonomy":"product_brand","embeddable":true,"href":"https:\/\/tiendapadel5.com\/de\/wp-json\/wp\/v2\/product_brand?post=158557"},{"taxonomy":"product_cat","embeddable":true,"href":"https:\/\/tiendapadel5.com\/de\/wp-json\/wp\/v2\/product_cat?post=158557"},{"taxonomy":"product_tag","embeddable":true,"href":"https:\/\/tiendapadel5.com\/de\/wp-json\/wp\/v2\/product_tag?post=158557"}],"curies":[{"name":"wp","href":"https:\/\/api.w.org\/{rel}","templated":true}]}}