{"id":158207,"date":"2024-08-21T14:38:14","date_gmt":"2024-08-21T13:38:14","guid":{"rendered":"https:\/\/tiendapadel5.com\/?post_type=product&#038;p=158207"},"modified":"2026-02-02T12:26:27","modified_gmt":"2026-02-02T11:26:27","slug":"paletero-nox-luxury-open-series-negro-marron","status":"publish","type":"product","link":"https:\/\/tiendapadel5.com\/de\/paletero-nox-luxury-open-series-negro-marron\/","title":{"rendered":"Paletero Nox Luxury Open Series Negro\/Marron"},"content":{"rendered":"<h2>Caracter\u00edsticas Paletero Nox Luxury Open Series Negro\/Marron:<\/h2>\n<ul>\n<li>Compartimiento principal con apertura lateral con capacidad para 3 palas de p\u00e1del, ropa, etc.<\/li>\n<li>Compartimento t\u00e9rmico (tecnolog\u00eda NOX ThermoTech) con capacidad para 2 palas de p\u00e1del, botellas y otros elementos sensibles a la temperatura, asegurando su protecci\u00f3n contra el calor.<\/li>\n<li>Compartimentos laterales con bolsillos distribuidos para accesorios, m\u00f3vil, cartera, llaves, etc.<\/li>\n<li>Compartimento aireado para zapatillas, \u00a0permitiendo la ventilaci\u00f3n y evitando malos olores.<\/li>\n<li>Bolsillo en la parte posterior.<\/li>\n<li>Funci\u00f3n de mochila con posibilidad de quitar las asas para mayor comodidad y versatilidad de uso.<\/li>\n<li>Asa principal ergon\u00f3mica. Base r\u00edgida con protecci\u00f3n adicional contra golpes y superficies irregulares.<\/li>\n<\/ul>\n<p><strong>Medidas:<\/strong>\u00a0600 x 300 x 350 mm<\/p>\n<p><strong>Capacidad:<\/strong>\u00a0\u00a060 litros<\/p>\n","protected":false},"excerpt":{"rendered":"<p>El Paletero Nox Luxury Open Series Negro\/Marron, fabricado con materiales para reducir la sensaci\u00f3n de peso y aumentar la resistencia, haciendo que su expreriencia de uso sea comoda y duradera.<\/p>\n","protected":false},"featured_media":158253,"comment_status":"open","ping_status":"closed","template":"","meta":{"_joinchat":[]},"pwb-brand":[34],"product_brand":[],"product_cat":[1357,20],"product_tag":[178,4961,669,130,1184,257,1092],"class_list":{"0":"post-158207","1":"product","2":"type-product","3":"status-publish","4":"has-post-thumbnail","6":"pwb-brand-nox","7":"product_cat-mochilas-nox","8":"product_cat-paleteros-de-padel","9":"product_tag-luxury","10":"product_tag-marron","11":"product_tag-negro","12":"product_tag-nox","13":"product_tag-open","14":"product_tag-paletero","15":"product_tag-series","17":"first","18":"outofstock","19":"sale","20":"taxable","21":"shipping-taxable","22":"purchasable","23":"product-type-simple"},"brands":[{"id":34,"name":"Nox","slug":"nox"}],"_links":{"self":[{"href":"https:\/\/tiendapadel5.com\/de\/wp-json\/wp\/v2\/product\/158207","targetHints":{"allow":["GET"]}}],"collection":[{"href":"https:\/\/tiendapadel5.com\/de\/wp-json\/wp\/v2\/product"}],"about":[{"href":"https:\/\/tiendapadel5.com\/de\/wp-json\/wp\/v2\/types\/product"}],"replies":[{"embeddable":true,"href":"https:\/\/tiendapadel5.com\/de\/wp-json\/wp\/v2\/comments?post=158207"}],"version-history":[{"count":1,"href":"https:\/\/tiendapadel5.com\/de\/wp-json\/wp\/v2\/product\/158207\/revisions"}],"predecessor-version":[{"id":245244,"href":"https:\/\/tiendapadel5.com\/de\/wp-json\/wp\/v2\/product\/158207\/revisions\/245244"}],"wp:featuredmedia":[{"embeddable":true,"href":"https:\/\/tiendapadel5.com\/de\/wp-json\/wp\/v2\/media\/158253"}],"wp:attachment":[{"href":"https:\/\/tiendapadel5.com\/de\/wp-json\/wp\/v2\/media?parent=158207"}],"wp:term":[{"taxonomy":"pwb-brand","embeddable":true,"href":"https:\/\/tiendapadel5.com\/de\/wp-json\/wp\/v2\/pwb-brand?post=158207"},{"taxonomy":"product_brand","embeddable":true,"href":"https:\/\/tiendapadel5.com\/de\/wp-json\/wp\/v2\/product_brand?post=158207"},{"taxonomy":"product_cat","embeddable":true,"href":"https:\/\/tiendapadel5.com\/de\/wp-json\/wp\/v2\/product_cat?post=158207"},{"taxonomy":"product_tag","embeddable":true,"href":"https:\/\/tiendapadel5.com\/de\/wp-json\/wp\/v2\/product_tag?post=158207"}],"curies":[{"name":"wp","href":"https:\/\/api.w.org\/{rel}","templated":true}]}}