{"id":154297,"date":"2024-07-23T07:27:39","date_gmt":"2024-07-23T06:27:39","guid":{"rendered":"https:\/\/tiendapadel5.com\/wilson-blade-v3-padel\/"},"modified":"2024-07-23T07:27:39","modified_gmt":"2024-07-23T06:27:39","slug":"wilson-blade-v3-padel","status":"publish","type":"product","link":"https:\/\/tiendapadel5.com\/de\/wilson-blade-v3-padel\/","title":{"rendered":"Wilson Blade V3 Padel"},"content":{"rendered":"<h2>Wilson Blade V3 Padel Eigenschaften :<\/h2>\n<p><strong>Waage:<\/strong> 267 mm  Kerntyp: Festes EVA L\u00e4nge: 455 mm Paddelform: Teardrop Gewicht: 365 g \/ 12,9 Unzen<\/p>\n","protected":false},"excerpt":{"rendered":"<p>Der Wilson Blade V3 Padel-Schl\u00e4ger wurde f\u00fcr beeindruckende explosive Power und Stabilit\u00e4t f\u00fcr angreifende Spieler entwickelt.<\/p>\n","protected":false},"featured_media":154285,"comment_status":"open","ping_status":"closed","template":"","meta":{"_joinchat":[]},"pwb-brand":[37],"product_brand":[],"product_cat":[5724,19,415],"product_tag":[5726,1253,85,9718,222],"class_list":{"0":"post-154297","1":"product","2":"type-product","3":"status-publish","4":"has-post-thumbnail","6":"pwb-brand-wilson","7":"product_cat-5724","8":"product_cat-palas-padel","9":"product_cat-wilson","10":"product_tag-5726","11":"product_tag-blade","12":"product_tag-padel","13":"product_tag-v3","14":"product_tag-wilson","15":"pa_forma-lagrima","16":"pa_marco-fibra-de-carbono","17":"pa_nivel-de-juego-avanzado-profesional","18":"pa_tipo-de-juego-polivalente","20":"first","21":"instock","22":"sale","23":"taxable","24":"shipping-taxable","25":"purchasable","26":"product-type-simple"},"brands":[{"id":37,"name":"Wilson","slug":"wilson"}],"_links":{"self":[{"href":"https:\/\/tiendapadel5.com\/de\/wp-json\/wp\/v2\/product\/154297","targetHints":{"allow":["GET"]}}],"collection":[{"href":"https:\/\/tiendapadel5.com\/de\/wp-json\/wp\/v2\/product"}],"about":[{"href":"https:\/\/tiendapadel5.com\/de\/wp-json\/wp\/v2\/types\/product"}],"replies":[{"embeddable":true,"href":"https:\/\/tiendapadel5.com\/de\/wp-json\/wp\/v2\/comments?post=154297"}],"version-history":[{"count":0,"href":"https:\/\/tiendapadel5.com\/de\/wp-json\/wp\/v2\/product\/154297\/revisions"}],"wp:featuredmedia":[{"embeddable":true,"href":"https:\/\/tiendapadel5.com\/de\/wp-json\/wp\/v2\/media\/154285"}],"wp:attachment":[{"href":"https:\/\/tiendapadel5.com\/de\/wp-json\/wp\/v2\/media?parent=154297"}],"wp:term":[{"taxonomy":"pwb-brand","embeddable":true,"href":"https:\/\/tiendapadel5.com\/de\/wp-json\/wp\/v2\/pwb-brand?post=154297"},{"taxonomy":"product_brand","embeddable":true,"href":"https:\/\/tiendapadel5.com\/de\/wp-json\/wp\/v2\/product_brand?post=154297"},{"taxonomy":"product_cat","embeddable":true,"href":"https:\/\/tiendapadel5.com\/de\/wp-json\/wp\/v2\/product_cat?post=154297"},{"taxonomy":"product_tag","embeddable":true,"href":"https:\/\/tiendapadel5.com\/de\/wp-json\/wp\/v2\/product_tag?post=154297"}],"curies":[{"name":"wp","href":"https:\/\/api.w.org\/{rel}","templated":true}]}}