{"id":137357,"date":"2024-05-07T22:20:22","date_gmt":"2024-05-07T21:20:22","guid":{"rendered":"https:\/\/tiendapadel5.com\/babolat-herren-play-shorts-schwarz\/"},"modified":"2024-05-07T22:20:22","modified_gmt":"2024-05-07T21:20:22","slug":"babolat-herren-play-shorts-schwarz","status":"publish","type":"product","link":"https:\/\/tiendapadel5.com\/de\/babolat-herren-play-shorts-schwarz\/","title":{"rendered":"Babolat Herren Play Shorts Schwarz"},"content":{"rendered":"<h2>Babolat Play Herren Shorts Schwarz Eigenschaften:<\/h2>\n<div class=\"col-12 col-xmd-6\">\n<div class=\"m-product-detail__tech-characteristics-body row m-0 pr-1 first\">\n<div class=\"col-6 p-0\">Sportarten: Alle Sportarten<\/div>\n<\/div>\n<\/div>\n<div class=\"col-12 col-xmd-6\">\n<div class=\"m-product-detail__tech-characteristics-body row m-0 pr-1 second\">\n<div class=\"col-6 p-0\">Geschlecht: M\u00e4nnlich<\/div>\n<\/div>\n<\/div>\n<div class=\"col-12 col-xmd-6\">\n<div class=\"m-product-detail__tech-characteristics-body row m-0 pr-1 \">\n<div class=\"col-6 p-0\">Altersgruppe: Erwachsene<\/div>\n<\/div>\n<\/div>\n<div class=\"col-12 col-xmd-6\">\n<div class=\"m-product-detail__tech-characteristics-body row m-0 pr-1 \">\n<div class=\"col-6 p-0\">Schneiden: Regelm\u00e4\u00dfig<\/div>\n<\/div>\n<\/div>\n<div class=\"col-12 col-xmd-6\">\n<div class=\"m-product-detail__tech-characteristics-body row m-0 pr-1 \">\n<div class=\"col-6 p-0\">Bereich: Spiel<\/div>\n<\/div>\n<\/div>\n<div class=\"col-12 col-xmd-6\">\n<div class=\"m-product-detail__tech-characteristics-body row m-0 pr-1 \">\n<div class=\"col-6 p-0\">Zusammensetzung: 100 % recyceltes Polyester<\/div>\n<\/div>\n<\/div>\n","protected":false},"excerpt":{"rendered":"<p>Die Babolat Men&#8217;s Play Shorts Black sind aus einem Stretch-Polyester-Gewebe gefertigt, das f\u00fcr zus\u00e4tzlichen Komfort sorgt und ein Muss f\u00fcr Ihre Garderobe ist.<\/p>\n","protected":false},"featured_media":137324,"comment_status":"open","ping_status":"closed","template":"","meta":{"_joinchat":[]},"pwb-brand":[29],"product_brand":[],"product_cat":[10263,10264,446,6130,6132,6134,46,102,21],"product_tag":[245,401,402,8040,669,698],"class_list":{"0":"post-137357","1":"product","2":"type-product","3":"status-publish","4":"has-post-thumbnail","6":"pwb-brand-babolat","7":"product_cat-babolat-productos","8":"product_cat-hombre-b","9":"product_cat-ropa-babolat","10":"product_cat-black-friday-padel","11":"product_cat-ropa","12":"product_cat-cyber-monday-padel","13":"product_cat-hombre","14":"product_cat-pantalones-cortos","15":"product_cat-ropa-padel","16":"product_tag-babolat","17":"product_tag-pantalon","18":"product_tag-corto","19":"product_tag-hombre","20":"product_tag-negro","21":"product_tag-play","22":"pa_talla-l","23":"pa_talla-m","24":"pa_talla-s","25":"pa_talla-xl","27":"first","28":"instock","29":"sale","30":"taxable","31":"shipping-taxable","32":"purchasable","33":"product-type-variable"},"brands":[{"id":29,"name":"Babolat","slug":"babolat"}],"_links":{"self":[{"href":"https:\/\/tiendapadel5.com\/de\/wp-json\/wp\/v2\/product\/137357","targetHints":{"allow":["GET"]}}],"collection":[{"href":"https:\/\/tiendapadel5.com\/de\/wp-json\/wp\/v2\/product"}],"about":[{"href":"https:\/\/tiendapadel5.com\/de\/wp-json\/wp\/v2\/types\/product"}],"replies":[{"embeddable":true,"href":"https:\/\/tiendapadel5.com\/de\/wp-json\/wp\/v2\/comments?post=137357"}],"version-history":[{"count":0,"href":"https:\/\/tiendapadel5.com\/de\/wp-json\/wp\/v2\/product\/137357\/revisions"}],"wp:featuredmedia":[{"embeddable":true,"href":"https:\/\/tiendapadel5.com\/de\/wp-json\/wp\/v2\/media\/137324"}],"wp:attachment":[{"href":"https:\/\/tiendapadel5.com\/de\/wp-json\/wp\/v2\/media?parent=137357"}],"wp:term":[{"taxonomy":"pwb-brand","embeddable":true,"href":"https:\/\/tiendapadel5.com\/de\/wp-json\/wp\/v2\/pwb-brand?post=137357"},{"taxonomy":"product_brand","embeddable":true,"href":"https:\/\/tiendapadel5.com\/de\/wp-json\/wp\/v2\/product_brand?post=137357"},{"taxonomy":"product_cat","embeddable":true,"href":"https:\/\/tiendapadel5.com\/de\/wp-json\/wp\/v2\/product_cat?post=137357"},{"taxonomy":"product_tag","embeddable":true,"href":"https:\/\/tiendapadel5.com\/de\/wp-json\/wp\/v2\/product_tag?post=137357"}],"curies":[{"name":"wp","href":"https:\/\/api.w.org\/{rel}","templated":true}]}}