{"id":132876,"date":"2024-04-19T20:07:39","date_gmt":"2024-04-19T19:07:39","guid":{"rendered":"https:\/\/tiendapadel5.com\/toalettvaska-adidas-ale-galan-svart-33\/"},"modified":"2024-04-19T20:07:39","modified_gmt":"2024-04-19T19:07:39","slug":"toalettvaska-adidas-ale-galan-svart-33","status":"publish","type":"product","link":"https:\/\/tiendapadel5.com\/de\/toalettvaska-adidas-ale-galan-svart-33\/","title":{"rendered":"Toalettv\u00e4ska Adidas Ale Gal\u00e1n Svart 3,3"},"content":{"rendered":"<h2>Toalettv\u00e4ska Adidas Ale Galan Svart 3.3 Egenskaper:<\/h2>\n<p><label class=\"label\">Material:<\/label> 100% polyester<\/p>\n<p><i class=\"fa fa-check\"><\/i> <label class=\"label\">M\u00e5tt:<\/label> 25cm x 12cm x 13cm<\/p>\n<p><i class=\"fa fa-check\"><\/i> <label class=\"label\">Typ av tillbeh\u00f6r:<\/label> Pl\u00e5nbok<\/p>\n<p><i class=\"fa fa-check\"><\/i> <label class=\"label\">Samling:<\/label> 2024<\/p>\n","protected":false},"excerpt":{"rendered":"<p>Adidas Ale Gal\u00e1n Black 3.3 Toiletry Bag \u00e4r utformad f\u00f6r att spelare ska kunna f\u00f6rvara alla sm\u00e5saker som de beh\u00f6ver ha med sig.<\/p>\n","protected":false},"featured_media":0,"comment_status":"open","ping_status":"closed","template":"","meta":{"_joinchat":[]},"pwb-brand":[],"product_brand":[],"product_cat":[4334],"product_tag":[],"class_list":{"0":"post-132876","1":"product","2":"type-product","3":"status-publish","5":"product_cat-uscita-padel","7":"first","8":"instock","9":"taxable","10":"shipping-taxable","11":"product-type-simple"},"brands":[],"_links":{"self":[{"href":"https:\/\/tiendapadel5.com\/de\/wp-json\/wp\/v2\/product\/132876","targetHints":{"allow":["GET"]}}],"collection":[{"href":"https:\/\/tiendapadel5.com\/de\/wp-json\/wp\/v2\/product"}],"about":[{"href":"https:\/\/tiendapadel5.com\/de\/wp-json\/wp\/v2\/types\/product"}],"replies":[{"embeddable":true,"href":"https:\/\/tiendapadel5.com\/de\/wp-json\/wp\/v2\/comments?post=132876"}],"version-history":[{"count":0,"href":"https:\/\/tiendapadel5.com\/de\/wp-json\/wp\/v2\/product\/132876\/revisions"}],"wp:attachment":[{"href":"https:\/\/tiendapadel5.com\/de\/wp-json\/wp\/v2\/media?parent=132876"}],"wp:term":[{"taxonomy":"pwb-brand","embeddable":true,"href":"https:\/\/tiendapadel5.com\/de\/wp-json\/wp\/v2\/pwb-brand?post=132876"},{"taxonomy":"product_brand","embeddable":true,"href":"https:\/\/tiendapadel5.com\/de\/wp-json\/wp\/v2\/product_brand?post=132876"},{"taxonomy":"product_cat","embeddable":true,"href":"https:\/\/tiendapadel5.com\/de\/wp-json\/wp\/v2\/product_cat?post=132876"},{"taxonomy":"product_tag","embeddable":true,"href":"https:\/\/tiendapadel5.com\/de\/wp-json\/wp\/v2\/product_tag?post=132876"}],"curies":[{"name":"wp","href":"https:\/\/api.w.org\/{rel}","templated":true}]}}