{"id":129598,"date":"2024-04-12T15:55:35","date_gmt":"2024-04-12T14:55:35","guid":{"rendered":"https:\/\/tiendapadel5.com\/adidas-courtjam-control-w-weiss-silber-2024-schuhe\/"},"modified":"2024-04-12T15:55:35","modified_gmt":"2024-04-12T14:55:35","slug":"adidas-courtjam-control-w-weiss-silber-2024-schuhe","status":"publish","type":"product","link":"https:\/\/tiendapadel5.com\/de\/adidas-courtjam-control-w-weiss-silber-2024-schuhe\/","title":{"rendered":"Adidas Courtjam Control W Wei\u00df\/Silber 2024 Schuhe"},"content":{"rendered":"<h2>Adidas Courtjam Control W Wei\u00df\/Silber 2024 Turnschuhe Eigenschaften:<\/h2>\n<table class=\"table table-striped table-product-dimensions table-light table-bordered- table-sm mt-3\">\n<tbody>\n<tr>\n<td class=\"font-weight-500\">1-<\/td>\n<td>Klassischer Leisten<\/td>\n<\/tr>\n<tr>\n<td class=\"font-weight-500\">2-<\/td>\n<td>Spitzenverschluss<\/td>\n<\/tr>\n<tr>\n<td class=\"font-weight-500\">3-<\/td>\n<td>Obermaterial aus technischem Mesh<\/td>\n<\/tr>\n<tr>\n<td class=\"font-weight-500\">4-<\/td>\n<td>TPU-Mittelfu\u00dfverst\u00e4rkung f\u00fcr erh\u00f6hte Stabilit\u00e4t<\/td>\n<\/tr>\n<tr>\n<td class=\"font-weight-500\">5-<\/td>\n<td>Bounce-Zwischensohle<\/td>\n<\/tr>\n<tr>\n<td class=\"font-weight-500\">6-<\/td>\n<td>Torsionssystem<\/td>\n<\/tr>\n<tr>\n<td class=\"font-weight-500\">Zusammensetzung<\/td>\n<td>TEXTIL\/SYNTHETIK<\/td>\n<\/tr>\n<\/tbody>\n<\/table>\n","protected":false},"excerpt":{"rendered":"<p>Der neue Adidas Courtjam Control W White\/Silver 2024 bietet seitliche Stabilit\u00e4t und Abriebschutz, eine verbesserte Zwischensohlenplattform und Schaumstoffd\u00e4mpfung f\u00fcr zus\u00e4tzlichen Halt auf dem Platz.<\/p>\n","protected":false},"featured_media":127556,"comment_status":"open","ping_status":"closed","template":"","meta":{"_joinchat":[]},"pwb-brand":[28],"product_brand":[],"product_cat":[2630,9876,9868,9860,2325],"product_tag":[5800,2310,7869,2484,7856,2329,7867,6857],"class_list":{"0":"post-129598","1":"product","2":"type-product","3":"status-publish","4":"has-post-thumbnail","6":"pwb-brand-adidas-padel","7":"product_cat-sapatos-padel-adidas","8":"product_cat-black-friday-padel-pt-pt","9":"product_cat-sapatos","10":"product_cat-cyber-monday-padel-pt-pt","11":"product_cat-sapatos-padel","12":"product_tag-2024-pt-pt","13":"product_tag-adidas-pt-pt","14":"product_tag-tribunal","15":"product_tag-controlo","16":"product_tag-m-pt-pt","17":"product_tag-sapatos","18":"product_tag-prata-pt-pt","19":"product_tag-branco","20":"pa_talla-36-pt-pt","21":"pa_talla-36-2-3-pt-pt","22":"pa_talla-37-1-3-pt-pt","23":"pa_talla-38-pt-pt","24":"pa_talla-38-2-3-pt-pt","25":"pa_talla-39-1-3-pt-pt","26":"pa_talla-40-pt-pt","27":"pa_talla-40-2-3-pt-pt","28":"pa_talla-41-1-3-pt-pt","30":"first","31":"instock","32":"sale","33":"taxable","34":"shipping-taxable","35":"purchasable","36":"product-type-variable"},"brands":[{"id":28,"name":"Adidas Padel","slug":"adidas-padel"}],"_links":{"self":[{"href":"https:\/\/tiendapadel5.com\/de\/wp-json\/wp\/v2\/product\/129598","targetHints":{"allow":["GET"]}}],"collection":[{"href":"https:\/\/tiendapadel5.com\/de\/wp-json\/wp\/v2\/product"}],"about":[{"href":"https:\/\/tiendapadel5.com\/de\/wp-json\/wp\/v2\/types\/product"}],"replies":[{"embeddable":true,"href":"https:\/\/tiendapadel5.com\/de\/wp-json\/wp\/v2\/comments?post=129598"}],"version-history":[{"count":0,"href":"https:\/\/tiendapadel5.com\/de\/wp-json\/wp\/v2\/product\/129598\/revisions"}],"wp:featuredmedia":[{"embeddable":true,"href":"https:\/\/tiendapadel5.com\/de\/wp-json\/wp\/v2\/media\/127556"}],"wp:attachment":[{"href":"https:\/\/tiendapadel5.com\/de\/wp-json\/wp\/v2\/media?parent=129598"}],"wp:term":[{"taxonomy":"pwb-brand","embeddable":true,"href":"https:\/\/tiendapadel5.com\/de\/wp-json\/wp\/v2\/pwb-brand?post=129598"},{"taxonomy":"product_brand","embeddable":true,"href":"https:\/\/tiendapadel5.com\/de\/wp-json\/wp\/v2\/product_brand?post=129598"},{"taxonomy":"product_cat","embeddable":true,"href":"https:\/\/tiendapadel5.com\/de\/wp-json\/wp\/v2\/product_cat?post=129598"},{"taxonomy":"product_tag","embeddable":true,"href":"https:\/\/tiendapadel5.com\/de\/wp-json\/wp\/v2\/product_tag?post=129598"}],"curies":[{"name":"wp","href":"https:\/\/api.w.org\/{rel}","templated":true}]}}