{"id":123484,"date":"2024-03-23T17:02:21","date_gmt":"2024-03-23T16:02:21","guid":{"rendered":"https:\/\/tiendapadel5.com\/lok-easy-flow\/"},"modified":"2024-03-23T17:43:31","modified_gmt":"2024-03-23T16:43:31","slug":"lok-easy-flow","status":"publish","type":"product","link":"https:\/\/tiendapadel5.com\/de\/lok-easy-flow\/","title":{"rendered":"Lok Easy Flow"},"content":{"rendered":"<h2>Lok Easy Flow Merkmale:<\/h2>\n<p>NIVEAU: Mittelstufe<\/p>\n<p>SWEET SPOT: Zentrum<\/p>\n<p>SHAPE: Rund<\/p>\n<p>BALANCE: Mitte<\/p>\n<p>GEWICHT: 360-375gr<\/p>\n<p>L\u00c4NGE: 455mm<\/p>\n<p>PROFIL: 38mm<\/p>\n","protected":false},"excerpt":{"rendered":"<p>Der New Lok Easy Flow ist ein Schl\u00e4ger f\u00fcr fortgeschrittene Spieler, die einen vielseitigen Schl\u00e4ger mit Kontrolle und Komfort suchen.<\/p>\n","protected":false},"featured_media":124199,"comment_status":"open","ping_status":"closed","template":"","meta":{"_joinchat":[]},"pwb-brand":[6561],"product_brand":[],"product_cat":[6562,5724,19],"product_tag":[323,1249,6573],"class_list":{"0":"post-123484","1":"product","2":"type-product","3":"status-publish","4":"has-post-thumbnail","6":"pwb-brand-lokk","7":"product_cat-lok","8":"product_cat-5724","9":"product_cat-palas-padel","10":"product_tag-flow","11":"product_tag-easy","12":"product_tag-lok","13":"pa_forma-redonda","14":"pa_marco-fibra-de-carbono","15":"pa_nivel-de-juego-intermedio","16":"pa_tipo-de-juego-control","18":"first","19":"instock","20":"sale","21":"taxable","22":"shipping-taxable","23":"purchasable","24":"product-type-simple"},"brands":[{"id":6561,"name":"Lok","slug":"lokk"}],"_links":{"self":[{"href":"https:\/\/tiendapadel5.com\/de\/wp-json\/wp\/v2\/product\/123484","targetHints":{"allow":["GET"]}}],"collection":[{"href":"https:\/\/tiendapadel5.com\/de\/wp-json\/wp\/v2\/product"}],"about":[{"href":"https:\/\/tiendapadel5.com\/de\/wp-json\/wp\/v2\/types\/product"}],"replies":[{"embeddable":true,"href":"https:\/\/tiendapadel5.com\/de\/wp-json\/wp\/v2\/comments?post=123484"}],"version-history":[{"count":0,"href":"https:\/\/tiendapadel5.com\/de\/wp-json\/wp\/v2\/product\/123484\/revisions"}],"wp:featuredmedia":[{"embeddable":true,"href":"https:\/\/tiendapadel5.com\/de\/wp-json\/wp\/v2\/media\/124199"}],"wp:attachment":[{"href":"https:\/\/tiendapadel5.com\/de\/wp-json\/wp\/v2\/media?parent=123484"}],"wp:term":[{"taxonomy":"pwb-brand","embeddable":true,"href":"https:\/\/tiendapadel5.com\/de\/wp-json\/wp\/v2\/pwb-brand?post=123484"},{"taxonomy":"product_brand","embeddable":true,"href":"https:\/\/tiendapadel5.com\/de\/wp-json\/wp\/v2\/product_brand?post=123484"},{"taxonomy":"product_cat","embeddable":true,"href":"https:\/\/tiendapadel5.com\/de\/wp-json\/wp\/v2\/product_cat?post=123484"},{"taxonomy":"product_tag","embeddable":true,"href":"https:\/\/tiendapadel5.com\/de\/wp-json\/wp\/v2\/product_tag?post=123484"}],"curies":[{"name":"wp","href":"https:\/\/api.w.org\/{rel}","templated":true}]}}