{"id":123199,"date":"2024-03-23T10:18:29","date_gmt":"2024-03-23T09:18:29","guid":{"rendered":"https:\/\/tiendapadel5.com\/lok-maxx-durchfluss\/"},"modified":"2024-06-25T04:21:12","modified_gmt":"2024-06-25T03:21:12","slug":"lok-maxx-durchfluss","status":"publish","type":"product","link":"https:\/\/tiendapadel5.com\/de\/lok-maxx-durchfluss\/","title":{"rendered":"Lok Maxx Flow"},"content":{"rendered":"<h2>Lok Maxx Flow Merkmale:<\/h2>\n<p>STUFE: PRO<\/p>\n<p>SWEET SPOT: Zentrum<\/p>\n<p>SHAPE: Rund<\/p>\n<p>BALANCE: Mitte<\/p>\n<p>GEWICHT: 360-375gr<\/p>\n<p>L\u00c4NGE: 455mm<\/p>\n<p>PROFIL: 38mm<\/p>\n","protected":false},"excerpt":{"rendered":"<p>Bea Caldera hat sich f\u00fcr die Neue Lok Maxx Flow Schaufel entschieden. Dieser Schl\u00e4ger ist dank seiner Technologie f\u00fcr fortgeschrittene Spieler konzipiert und richtet sich an Spieler, die ihr Spiel verteidigen und kontrollieren wollen.<\/p>\n","protected":false},"featured_media":124049,"comment_status":"open","ping_status":"closed","template":"","meta":{"_joinchat":[]},"pwb-brand":[6561],"product_brand":[],"product_cat":[6562,5724,19],"product_tag":[323,6573,6574],"class_list":{"0":"post-123199","1":"product","2":"type-product","3":"status-publish","4":"has-post-thumbnail","6":"pwb-brand-lokk","7":"product_cat-lok","8":"product_cat-5724","9":"product_cat-palas-padel","10":"product_tag-flow","11":"product_tag-lok","12":"product_tag-maxx","13":"pa_forma-redonda","14":"pa_marco-fibra-de-carbono","15":"pa_nivel-de-juego-avanzado-profesional","16":"pa_tipo-de-juego-control","18":"first","19":"instock","20":"sale","21":"taxable","22":"shipping-taxable","23":"purchasable","24":"product-type-simple"},"brands":[{"id":6561,"name":"Lok","slug":"lokk"}],"_links":{"self":[{"href":"https:\/\/tiendapadel5.com\/de\/wp-json\/wp\/v2\/product\/123199","targetHints":{"allow":["GET"]}}],"collection":[{"href":"https:\/\/tiendapadel5.com\/de\/wp-json\/wp\/v2\/product"}],"about":[{"href":"https:\/\/tiendapadel5.com\/de\/wp-json\/wp\/v2\/types\/product"}],"replies":[{"embeddable":true,"href":"https:\/\/tiendapadel5.com\/de\/wp-json\/wp\/v2\/comments?post=123199"}],"version-history":[{"count":0,"href":"https:\/\/tiendapadel5.com\/de\/wp-json\/wp\/v2\/product\/123199\/revisions"}],"wp:featuredmedia":[{"embeddable":true,"href":"https:\/\/tiendapadel5.com\/de\/wp-json\/wp\/v2\/media\/124049"}],"wp:attachment":[{"href":"https:\/\/tiendapadel5.com\/de\/wp-json\/wp\/v2\/media?parent=123199"}],"wp:term":[{"taxonomy":"pwb-brand","embeddable":true,"href":"https:\/\/tiendapadel5.com\/de\/wp-json\/wp\/v2\/pwb-brand?post=123199"},{"taxonomy":"product_brand","embeddable":true,"href":"https:\/\/tiendapadel5.com\/de\/wp-json\/wp\/v2\/product_brand?post=123199"},{"taxonomy":"product_cat","embeddable":true,"href":"https:\/\/tiendapadel5.com\/de\/wp-json\/wp\/v2\/product_cat?post=123199"},{"taxonomy":"product_tag","embeddable":true,"href":"https:\/\/tiendapadel5.com\/de\/wp-json\/wp\/v2\/product_tag?post=123199"}],"curies":[{"name":"wp","href":"https:\/\/api.w.org\/{rel}","templated":true}]}}