{"id":113332,"date":"2022-08-05T11:20:56","date_gmt":"2022-08-05T10:20:56","guid":{"rendered":"https:\/\/tiendapadel5.com\/wilson-pro-staff-v2-team-2\/"},"modified":"2022-08-05T11:20:56","modified_gmt":"2022-08-05T10:20:56","slug":"wilson-pro-staff-v2-team-2","status":"publish","type":"product","link":"https:\/\/tiendapadel5.com\/de\/wilson-pro-staff-v2-team-2\/","title":{"rendered":"Wilson Pro Staff V2 Team"},"content":{"rendered":"<h5>Detaljer:<\/h5>\n<p>Glasfiberv\u00e4v ger bladet en utm\u00e4rkt kombination av stabilitet och respons.<\/p>\n<p>K\u00e4rnan best\u00e5r av vitt skum med l\u00e5g densitet f\u00f6r stabil prestanda och en mjuk, bekv\u00e4m k\u00e4nsla.<\/p>\n<p>Sharp Hole-tekniken anv\u00e4nder en avancerad perforeringsprocess f\u00f6r att greppa bollen och f\u00f6rb\u00e4ttra serven p\u00e5 alla slag.<\/p>\n<p>Sublime-greppet har en idealisk blandning av mjukhet, passform och komfort med extra fuktabsorption genom mikroperforeringar i ytan.<\/p>\n<p>Handledsremmen som \u00e4r f\u00e4st vid handtaget ger ytterligare kontroll och s\u00e4kerhet.<\/p>\n<p>Teknik:<\/p>\n<p><img decoding=\"async\" src=\"https:\/\/padel-spain.es\/img\/cms\/WILSON\/PALA%20WILSON%20PRO%20STAFF%20V2%20TEAM%20WR112311-4.png\" alt=\"\" width=\"273\" height=\"163\"><\/p>\n<p>PRECISION<br \/>\nPro Staff \u00e4r v\u00e4lk\u00e4nd i tenniskretsar f\u00f6r att vara ikonisk i h\u00e4nderna p\u00e5 n\u00e5gra av legenderna, och ger sin traditionella enast\u00e5ende precision och \u00f6verl\u00e4gsna kontroll till padelbanan. Med en styv ytstruktur och en mindre, rundare form \u00e4r sweet spot-k\u00e4nslan otroligt ren f\u00f6r exakt bollplacering i de sn\u00e4vaste vinklarna.<\/p>\n<p><img decoding=\"async\" src=\"https:\/\/padel-spain.es\/img\/cms\/wilson%20material.jpg\" alt=\"\" width=\"275\" height=\"206\"><\/p>\n<p>TEKNIK F\u00d6R V\u00c4VNING AV GLASFIBER<br \/>\nRamkonstruktionen i glasfiber ger racketen en utm\u00e4rkt kombination av stabilitet och respons.<\/p>\n<p><img decoding=\"async\" src=\"https:\/\/padel-spain.es\/img\/cms\/wilson%20acolchado.jpg\" alt=\"\" width=\"275\" height=\"206\"><\/p>\n<p>STOPPNING MED L\u00c5G DENSITET<br \/>\nDet vita skummet med l\u00e5g densitet ger en mer stabil prestanda och en mycket mjuk och bekv\u00e4m k\u00e4nsla.<\/p>\n<p><img decoding=\"async\" src=\"https:\/\/padel-spain.es\/img\/cms\/wilson%20orificios.jpg\" alt=\"\" width=\"275\" height=\"206\"><\/p>\n<p>TEKNIK F\u00d6R SKARPA H\u00c5L<br \/>\nDen avancerade h\u00e5ltagningsprocessen genererar fler serve p\u00e5 varje skott.<\/p>\n<p><img decoding=\"async\" src=\"https:\/\/padel-spain.es\/img\/cms\/wilson%20round%20shape.jpg\" alt=\"\" width=\"275\" height=\"206\"><\/p>\n<p>RUNDAD FORM<br \/>\nDen rundade formen ger en sweet spot i mitten av racketen f\u00f6r att optimera kreativiteten med korta vinklar och exakt bollplacering.<\/p>\n","protected":false},"excerpt":{"rendered":"<h5>Wilson Pro Staff V2 Team \u00e4r ett mycket l\u00e4ttman\u00f6vrerat racket. Den runda formen \u00e4r inte bara perfekt f\u00f6r nyb\u00f6rjare, utan Core Foam ger ocks\u00e5 en mjuk och bekv\u00e4m k\u00e4nsla.<\/h5>\n<ul>\n<li class=\"product-description_attribute\"><strong class=\"product-description_attribute-label\">Tjocklek<\/strong> <span class=\"product-description_attribute-content\">38 mm<\/span><\/li>\n<li class=\"product-description_attribute\"><span class=\"product-description_attribute-content\">EVA-k\u00e4rna<\/span><span class=\"product-description_attribute-content\"><br \/>\n<\/span><\/li>\n<li class=\"product-description_attribute\"><strong class=\"product-description_attribute-label\">Form<\/strong> <span class=\"product-description_attribute-content\">rund<\/span><\/li>\n<li class=\"product-description_attribute\"><strong class=\"product-description_attribute-label\">Vikt<\/strong> <span class=\"product-description_attribute-content\">370 g<\/span><\/li>\n<\/ul>\n","protected":false},"featured_media":0,"comment_status":"open","ping_status":"closed","template":"","meta":{"_joinchat":[]},"pwb-brand":[37],"product_brand":[],"product_cat":[26],"product_tag":[1254,176,223,913,222],"class_list":{"0":"post-113332","1":"product","2":"type-product","3":"status-publish","5":"pwb-brand-wilson","6":"product_cat-outlet-de-padel","7":"product_tag-staff","8":"product_tag-pro","9":"product_tag-team","10":"product_tag-v2","11":"product_tag-wilson","13":"first","14":"instock","15":"sale","16":"taxable","17":"shipping-taxable","18":"purchasable","19":"product-type-simple"},"brands":[{"id":37,"name":"Wilson","slug":"wilson"}],"_links":{"self":[{"href":"https:\/\/tiendapadel5.com\/de\/wp-json\/wp\/v2\/product\/113332","targetHints":{"allow":["GET"]}}],"collection":[{"href":"https:\/\/tiendapadel5.com\/de\/wp-json\/wp\/v2\/product"}],"about":[{"href":"https:\/\/tiendapadel5.com\/de\/wp-json\/wp\/v2\/types\/product"}],"replies":[{"embeddable":true,"href":"https:\/\/tiendapadel5.com\/de\/wp-json\/wp\/v2\/comments?post=113332"}],"version-history":[{"count":0,"href":"https:\/\/tiendapadel5.com\/de\/wp-json\/wp\/v2\/product\/113332\/revisions"}],"wp:attachment":[{"href":"https:\/\/tiendapadel5.com\/de\/wp-json\/wp\/v2\/media?parent=113332"}],"wp:term":[{"taxonomy":"pwb-brand","embeddable":true,"href":"https:\/\/tiendapadel5.com\/de\/wp-json\/wp\/v2\/pwb-brand?post=113332"},{"taxonomy":"product_brand","embeddable":true,"href":"https:\/\/tiendapadel5.com\/de\/wp-json\/wp\/v2\/product_brand?post=113332"},{"taxonomy":"product_cat","embeddable":true,"href":"https:\/\/tiendapadel5.com\/de\/wp-json\/wp\/v2\/product_cat?post=113332"},{"taxonomy":"product_tag","embeddable":true,"href":"https:\/\/tiendapadel5.com\/de\/wp-json\/wp\/v2\/product_tag?post=113332"}],"curies":[{"name":"wp","href":"https:\/\/api.w.org\/{rel}","templated":true}]}}